{"id":2,"date":"2026-01-06T09:31:07","date_gmt":"2026-01-06T09:31:07","guid":{"rendered":"https:\/\/cagdasmuhendisler.net\/?page_id=2"},"modified":"2026-01-08T12:58:00","modified_gmt":"2026-01-08T12:58:00","slug":"sample-page","status":"publish","type":"page","link":"https:\/\/cagdasmuhendisler.net\/?page_id=2","title":{"rendered":"Adaylar"},"content":{"rendered":"\n<figure class=\"wp-block-gallery has-nested-images columns-default is-cropped wp-block-gallery-1 is-layout-flex wp-block-gallery-is-layout-flex\">\n<figure class=\"wp-block-image size-full\"><a href=\"https:\/\/cagdasmuhendisler.net\/wp-content\/uploads\/2025\/12\/cm1.jpeg\" target=\"_blank\" rel=\" noreferrer noopener\"><img loading=\"lazy\" decoding=\"async\" width=\"1280\" height=\"1600\" data-id=\"143\" src=\"https:\/\/cagdasmuhendisler.net\/wp-content\/uploads\/2025\/12\/cm1.jpeg\" alt=\"\" class=\"wp-image-143\" srcset=\"https:\/\/cagdasmuhendisler.net\/wp-content\/uploads\/2025\/12\/cm1.jpeg 1280w, https:\/\/cagdasmuhendisler.net\/wp-content\/uploads\/2025\/12\/cm1-240x300.jpeg 240w, https:\/\/cagdasmuhendisler.net\/wp-content\/uploads\/2025\/12\/cm1-819x1024.jpeg 819w, https:\/\/cagdasmuhendisler.net\/wp-content\/uploads\/2025\/12\/cm1-768x960.jpeg 768w, https:\/\/cagdasmuhendisler.net\/wp-content\/uploads\/2025\/12\/cm1-1229x1536.jpeg 1229w\" sizes=\"auto, (max-width: 1280px) 100vw, 1280px\" \/><\/a><\/figure>\n\n\n\n<figure class=\"wp-block-image size-full\"><a href=\"https:\/\/cagdasmuhendisler.net\/wp-content\/uploads\/2025\/12\/cm2.jpeg\" target=\"_blank\" rel=\" noreferrer noopener\"><img loading=\"lazy\" decoding=\"async\" width=\"1280\" height=\"1600\" data-id=\"144\" src=\"https:\/\/cagdasmuhendisler.net\/wp-content\/uploads\/2025\/12\/cm2.jpeg\" alt=\"\" class=\"wp-image-144\" srcset=\"https:\/\/cagdasmuhendisler.net\/wp-content\/uploads\/2025\/12\/cm2.jpeg 1280w, https:\/\/cagdasmuhendisler.net\/wp-content\/uploads\/2025\/12\/cm2-240x300.jpeg 240w, https:\/\/cagdasmuhendisler.net\/wp-content\/uploads\/2025\/12\/cm2-819x1024.jpeg 819w, https:\/\/cagdasmuhendisler.net\/wp-content\/uploads\/2025\/12\/cm2-768x960.jpeg 768w, https:\/\/cagdasmuhendisler.net\/wp-content\/uploads\/2025\/12\/cm2-1229x1536.jpeg 1229w\" sizes=\"auto, (max-width: 1280px) 100vw, 1280px\" \/><\/a><\/figure>\n<\/figure>\n\n\n\n<p class=\"has-text-align-left has-vivid-cyan-blue-color has-text-color has-link-color wp-elements-1c8b79d7b5ed7de16c58fc99645cba84\"><strong>SERAP \u00d6ZPOLAT \u00c7ETE (43830)<\/strong><\/p>\n\n\n\n<p>ODT\u00dc Makina M\u00fchendisli\u011fi B\u00f6l\u00fcm\u00fc\u2019nden 1996 y\u0131l\u0131nda mezun oldu. Tekstil, hidrolik-pn\u00f6matik sistemler ve savunma sanayii alanlar\u0131nda \u00e7al\u0131\u015ft\u0131. 2006\u2019dan bu yana ODT\u00dc Teknokent\u2019te ortak oldu\u011fu Ar-Ge \u015firketinde havac\u0131l\u0131k, turbomakine, r\u00fczg\u00e2r enerjisi ve bina aerodinami\u011fi alanlar\u0131nda \u00e7al\u0131\u015fmalar y\u00fcr\u00fctmektedir. T\u00dcB\u0130TAK ve KOSGEB destekli projelerde, proje yaz\u0131m\u0131, y\u00fcr\u00fct\u00fclmesi ve raporlanmas\u0131 s\u00fcre\u00e7lerinde aktif g\u00f6rev almaktad\u0131r. E\u015f zamanl\u0131 olarak, 2020\u20132022 aras\u0131nda Gaziantep Bili\u015fim A.\u015e.\u2019de Ar-Ge M\u00fcd\u00fcr\u00fc, 2022\u20132025 aras\u0131nda dan\u0131\u015fman olarak \u00e7al\u0131\u015fm\u0131\u015ft\u0131r. <\/p>\n\n\n\n<p>Makina M\u00fchendisleri Odas\u0131\u2019n\u0131n \u00e7e\u015fitli d\u00f6nemlerinde Y\u00f6netim Kurulu \u00dcyeli\u011fi yapm\u0131\u015f; Gaziantep \u015eubesi\u2019nde \u00e7e\u015fitli d\u00f6nemlerde Sekreter \u00dcyelik g\u00f6revlerinde bulunmu\u015ftur. Halen Makina M\u00fchendisleri Odas\u0131 50. D\u00f6nem Y\u00f6netim Kurulu \u00dcyeli\u011fi g\u00f6revini y\u00fcr\u00fctmektedir. ODT\u00dc Mezunlar\u0131 Derne\u011fi \u00fcyesidir.<\/p>\n\n\n\n<hr class=\"wp-block-separator has-alpha-channel-opacity\"\/>\n\n\n\n<p class=\"has-text-align-left\"><strong><mark style=\"background-color:rgba(0, 0, 0, 0)\" class=\"has-inline-color has-vivid-cyan-blue-color\">T\u00dcLAY YENER (33495)<\/mark><\/strong><\/p>\n\n\n\n<p>Gazi \u00dcniversitesi End\u00fcstri M\u00fchendisli\u011fi B\u00f6l\u00fcm\u00fc\u2019nden 1990 y\u0131l\u0131nda mezun oldu. TA\u0130\u2019de uzun y\u0131llar \u00e7al\u0131\u015ft\u0131, Zonguldak ERDEM\u0130R\u2019den emekli oldu. \u00dcretim planlama, \u00fcretim sistemleri geli\u015ftirme, insan kaynaklar\u0131 alanlar\u0131nda \u00e7al\u0131\u015ft\u0131. ERP ve SAP, fizibilite, proje y\u00f6netimi, finans y\u00f6netimi ve yat\u0131r\u0131m, i\u015fg\u00fcc\u00fc planlama, i\u015f de\u011ferlendirme ve \u00fccret konular\u0131nda uzmand\u0131r. Proje y\u00f6neticisi ve \u00fcst y\u00f6netim dan\u0131\u015fman\u0131 olarak \u00e7al\u0131\u015fm\u0131\u015ft\u0131r.<\/p>\n\n\n\n<p>Makina M\u00fchendisleri Odas\u0131\u2019n\u0131n 38. d\u00f6neminde ve MMO Ankara \u015eube\u2019de \u00e7e\u015fitli d\u00f6nemlerde Y\u00f6netim Kurulu \u00dcyeli\u011fi yapm\u0131\u015f olup halen 29. D\u00f6nem Y\u00f6netim Kurulu \u00dcyeli\u011fi g\u00f6revini y\u00fcr\u00fctmektedir. E\u0130M MEDAK\u2019ta ve \u00e7e\u015fitli kurul \u00e7al\u0131\u015fmalar\u0131nda yer ald\u0131; bir d\u00f6nem E\u0130M MEDAK Ba\u015fkanl\u0131\u011f\u0131 g\u00f6revini y\u00fcr\u00fctt\u00fc.<\/p>\n\n\n\n<hr class=\"wp-block-separator has-alpha-channel-opacity\"\/>\n\n\n\n<p class=\"has-text-align-left\"><strong><mark style=\"background-color:rgba(0, 0, 0, 0)\" class=\"has-inline-color has-vivid-cyan-blue-color\">EREN \u015eAH\u0130N (92585)<\/mark><\/strong><\/p>\n\n\n\n<p>ODT\u00dc Makina M\u00fchendisli\u011fi B\u00f6l\u00fcm\u00fc\u2019nden 2013 y\u0131l\u0131nda mezun oldu, y\u00fcksek lisans\u0131n\u0131 ayn\u0131 b\u00f6l\u00fcmde tamamlad\u0131. 2014 y\u0131l\u0131ndan bu yana Roketsan\u2019da g\u00f6rev yapmaktad\u0131r. F\u00fcze sistemleri tasar\u0131mlar\u0131nda yer alm\u0131\u015f, halen tapa alan\u0131nda Mekanik Tasar\u0131m K\u0131demli Tak\u0131m Lideri olarak \u00e7al\u0131\u015fmaktad\u0131r. <\/p>\n\n\n\n<p>Makina M\u00fchendisleri Odas\u0131 Ankara \u015eubesi\u2019nde \u00e7e\u015fitli d\u00f6nemlerde Y\u00f6netim Kurulu \u00dcyeli\u011fi yapm\u0131\u015f olup halen 29. D\u00f6nem Y\u00f6netim Kurulu \u00dcyeli\u011fi g\u00f6revini y\u00fcr\u00fctmektedir. 2013\u20132014 y\u0131llar\u0131nda Ankara \u015eubesi\u2019nde teknik g\u00f6revli olarak \u00e7al\u0131\u015fm\u0131\u015ft\u0131r.<\/p>\n\n\n\n<hr class=\"wp-block-separator has-alpha-channel-opacity\"\/>\n\n\n\n<p class=\"has-text-align-left has-vivid-cyan-blue-color has-text-color has-link-color wp-elements-6bd22efec257be7ba7520b6f90015dde\"><strong>SAM\u0130 CAN G\u00d6KO\u011eLU (135926)<\/strong><\/p>\n\n\n\n<p>Ba\u015fkent \u00dcniversitesi Makina M\u00fchendisli\u011fi B\u00f6l\u00fcm\u00fc\u2019nden mezun oldu. Tala\u015fl\u0131 imalat alan\u0131nda \u00e7al\u0131\u015ft\u0131ktan sonra, 2023\u2019ten bu yana balistik koruyucu ekipman \u00fcretimi yapan DYS Savunma\u2019n\u0131n kurucu orta\u011f\u0131 olarak g\u00f6rev yapmaktad\u0131r. <\/p>\n\n\n\n<p>MMO \u00d6\u011frenci \u00dcye Komisyonlar\u0131nda aktif g\u00f6rev ald\u0131. Halen MMO Ankara \u015eube 29. D\u00f6nem Y\u00f6netim Kurulu \u00dcyeli\u011fi g\u00f6revini y\u00fcr\u00fctmektedir.<\/p>\n\n\n\n<hr class=\"wp-block-separator has-alpha-channel-opacity\"\/>\n\n\n\n<p class=\"has-text-align-left has-vivid-cyan-blue-color has-text-color has-link-color wp-elements-cd45d166044763ac44c03a56e22529db\"><strong>UTKU HAT\u0130PO\u011eLU (86461)<\/strong><\/p>\n\n\n\n<p>K\u0131r\u0131kkale \u00dcniversitesi Makina M\u00fchendisli\u011fi B\u00f6l\u00fcm\u00fc\u2019nden 2011 y\u0131l\u0131nda mezun oldu. HES projeleri ve savunma sanayiinde \u00e7e\u015fitli g\u00f6revler \u00fcstlenmi\u015ftir. 2016\u2019dan bu yana Yenimahalle Belediyesi Fen \u0130\u015fleri M\u00fcd\u00fcrl\u00fc\u011f\u00fc\u2019nde g\u00f6rev yapmaktad\u0131r. <\/p>\n\n\n\n<p>MMO Ankara \u015eubesi\u2019nde \u00e7e\u015fitli d\u00f6nemlerde Y\u00f6netim Kurulu \u00dcyeli\u011fi g\u00f6revlerinde bulunmu\u015ftur.<\/p>\n\n\n\n<hr class=\"wp-block-separator has-alpha-channel-opacity\"\/>\n\n\n\n<p class=\"has-text-align-left has-vivid-cyan-blue-color has-text-color has-link-color wp-elements-fa7865817f349d923a9ce29d008f9773\"><strong>ENG\u0130N BALIK (104429)<\/strong><\/p>\n\n\n\n<p>\u0130skenderun Teknik \u00dcniversitesi Makina M\u00fchendisli\u011fi B\u00f6l\u00fcm\u00fc\u2019nden 2015 y\u0131l\u0131nda mezun oldu. 2016\u20132022 y\u0131llar\u0131 aras\u0131nda Makina M\u00fchendisleri Odas\u0131 Ankara \u015eubesi\u2019nde teknik g\u00f6revli olarak \u00e7al\u0131\u015fm\u0131\u015f, \u00e7e\u015fitli komisyonlarda yer alm\u0131\u015ft\u0131r. 2022\u2019den bu yana \u00c7ankaya Belediyesi \u0130mar ve \u015eehircilik M\u00fcd\u00fcrl\u00fc\u011f\u00fc\u2019nde g\u00f6rev yapmaktad\u0131r.<\/p>\n\n\n\n<p>Makina M\u00fchendisleri Odas\u0131 Ankara \u015eubesi\u2019nde \u00e7e\u015fitli d\u00f6nemlerde Y\u00f6netim Kurulu \u00dcyeli\u011fi yapm\u0131\u015f olup halen 29. D\u00f6nem Y\u00f6netim Kurulu \u00dcyeli\u011fi g\u00f6revini y\u00fcr\u00fctmektedir.<\/p>\n\n\n\n<hr class=\"wp-block-separator has-alpha-channel-opacity\"\/>\n\n\n\n<p class=\"has-text-align-left has-vivid-cyan-blue-color has-text-color has-link-color wp-elements-63657059b7093b6c7bc70412aafb9aa1\"><strong>\u00c7A\u011eRI CO\u015eKUN (131481)<\/strong><\/p>\n\n\n\n<p>Ahmet Yesevi \u00dcniversitesi End\u00fcstri M\u00fchendisli\u011fi B\u00f6l\u00fcm\u00fc&#8217;nden 2017 y\u0131l\u0131nda mezun oldu. Ayr\u0131ca Gazi \u00dcniversitesi \u0130\u015fletme lisans ve Gazi \u00dcniversitesi \u0130ktisat y\u00fcksek lisans b\u00f6l\u00fcmlerinden mezun oldu. Halen MMO Ankara \u015eube 29. D\u00f6nem y\u00f6netim kurulu \u00fcyesidir. MMO Ankara \u015eubesi&#8217;nde \u00f6nceki d\u00f6nemlerde E\u0130M MDK \u00fcyesi olarak g\u00f6rev yapm\u0131\u015ft\u0131r. <\/p>\n\n\n\n<p>2012 y\u0131l\u0131 itibar\u0131yla Devlet Su \u0130\u015fleri Genel M\u00fcd\u00fcrl\u00fc\u011f\u00fc&#8217;nde tar\u0131msal sulama projelerinin yap\u0131m\u0131 kapsam\u0131nda ulusal ve uluslararas\u0131 ihale s\u00fcre\u00e7lerinde g\u00f6rev yapmaktad\u0131r. Ayr\u0131ca KESK Enerji Sanayi ve Maden Kamu Emek\u00e7ileri Sendikas\u0131 Ankara 1 Nolu \u015eube Sekreterli\u011fi g\u00f6revini y\u00fcr\u00fctmektedir.<\/p>\n\n\n\n<hr class=\"wp-block-separator has-alpha-channel-opacity\"\/>\n\n\n\n<p><strong>YEDEKLER<\/strong><\/p>\n\n\n\n<p class=\"has-text-align-left has-vivid-cyan-blue-color has-text-color has-link-color wp-elements-84a076c85f81e1b4501dc6a3fc15eb04\"><strong>DR. SAL\u0130H KARAASLAN (65357)<\/strong><\/p>\n\n\n\n<p>Gazi \u00dcniversitesi Makina M\u00fchendisli\u011fi mezunudur; ayn\u0131 \u00fcniversitede y\u00fcksek lisans ve doktoras\u0131n\u0131 tamamlam\u0131\u015f, 2005 y\u0131l\u0131ndan bu yana Gazi \u00dcniversitesi\u2019nde akademisyen olarak g\u00f6rev yapmaktad\u0131r. <\/p>\n\n\n\n<p>\u0130\u00e7ten yanmal\u0131 motorlar, enerji sistemleri, ak\u0131\u015fkanlar dinami\u011fi ve yang\u0131n modellemeleri alanlar\u0131nda uzmanla\u015fm\u0131\u015f; T\u00dcB\u0130TAK, SANTEZ ve BAP destekli \u00e7ok say\u0131da \u00fcniversite-sanayi i\u015f birli\u011fi projesinde yer alm\u0131\u015ft\u0131r. SCI kapsam\u0131ndaki dergilerde yay\u0131mlanm\u0131\u015f \u00e7ok say\u0131da bilimsel yay\u0131n\u0131 bulunan Karaaslan, m\u00fchendislik bilgisini uygulama ile birle\u015ftiren \u00e7al\u0131\u015fmalar\u0131yla \u00f6ne \u00e7\u0131kmaktad\u0131r.<\/p>\n\n\n\n<hr class=\"wp-block-separator has-alpha-channel-opacity\"\/>\n\n\n\n<p><strong><mark style=\"background-color:rgba(0, 0, 0, 0)\" class=\"has-inline-color has-vivid-cyan-blue-color\">RAMAZAN ASLAN (74214)<\/mark><\/strong><\/p>\n\n\n\n<p>ODT\u00dc End\u00fcstri M\u00fchendisli\u011fi B\u00f6l\u00fcm\u00fc&#8217;nden 2003 y\u0131l\u0131nda mezun oldu. Life Climate\u2019\u0131n kurucusu ve Y\u00f6netici Orta\u011f\u0131d\u0131r. Enerji sistemleri ve yenilenebilir enerji alanlar\u0131nda 22 y\u0131l\u0131 a\u015fk\u0131n s\u00fcredir \u00e7al\u0131\u015fmalar y\u00fcr\u00fctmektedir. Uzmanl\u0131k alan\u0131 olan \u0130klim De\u011fi\u015fikli\u011fi ve Yenilenebilir Enerji \u00fczerine \u00e7e\u015fitli teknik \u00e7al\u0131\u015fma ve etkinliklerde aktif yer almaktad\u0131r. Enerji projelerinin hayata ge\u00e7irilmesi ve emisyon azalt\u0131m stratejilerinin geli\u015ftirilmesi ve uygulanmas\u0131n\u0131 kapsayan geni\u015f bir yelpazede \u00e7al\u0131\u015fmalar\u0131n\u0131 s\u00fcrd\u00fcrmektedir. <\/p>\n\n\n\n<p>Makina M\u00fchendisleri Odas\u0131 Ankara \u015eubesi Enerji Komisyonu\u2019nda g\u00f6rev alm\u0131\u015ft\u0131r. MMO Ankara \u015eube\u2019de \u00e7e\u015fitli d\u00f6nemlerde Y\u00f6netim Kurulu \u00dcyeli\u011fi yapm\u0131\u015f olup halen 29. D\u00f6nem Y\u00f6netim Kurulu \u00dcyeli\u011fi g\u00f6revini y\u00fcr\u00fctmektedir.<\/p>\n\n\n\n<hr class=\"wp-block-separator has-alpha-channel-opacity\"\/>\n\n\n\n<p><strong><mark style=\"background-color:rgba(0, 0, 0, 0)\" class=\"has-inline-color has-vivid-cyan-blue-color\">\u00c7A\u011eRI \u00c7EL\u0130K (84240)<\/mark><\/strong><\/p>\n\n\n\n<p>S\u00fcleyman Demirel \u00dcniversitesi Makina M\u00fchendisli\u011fi B\u00f6l\u00fcm\u00fc\u2019nden 2004 y\u0131l\u0131nda mezun oldu. 2011\u20132013 y\u0131llar\u0131 aras\u0131nda imalat m\u00fchendisli\u011fi alan\u0131nda \u00e7al\u0131\u015fm\u0131\u015f, bu s\u00fcre\u00e7te ODT\u00dc KTM\u2019de Kaynak M\u00fchendisli\u011fi e\u011fitimi alm\u0131\u015ft\u0131r. <\/p>\n\n\n\n<p>2013 y\u0131l\u0131ndan bu yana Nurol Makina\u2019da g\u00f6rev yapmakta olup h\u00e2len \u00dcretim Birim Y\u00f6neticisi olarak \u00e7al\u0131\u015fmaktad\u0131r. Kaynak teknolojileri \u00fczerine yo\u011funla\u015farak sekt\u00f6rel bilgi birikimi ve uygulama deneyimi geli\u015ftirmi\u015ftir. 11. ve 14. Kaynak Teknolojisi Ulusal Kongre ve Sergilerinde y\u00fcr\u00fctme kurulu \u00fcyeli\u011fi yapm\u0131\u015ft\u0131r.<\/p>\n\n\n\n<hr class=\"wp-block-separator has-alpha-channel-opacity\"\/>\n\n\n\n<p><strong><mark style=\"background-color:rgba(0, 0, 0, 0)\" class=\"has-inline-color has-vivid-cyan-blue-color\">H\u00dcSEY\u0130N CEM \u015eAVUR (104359)<\/mark><\/strong><\/p>\n\n\n\n<p>\u0130skenderun Teknik \u00dcniversitesi Makina M\u00fchendisli\u011fi B\u00f6l\u00fcm\u00fc\u2019nden 2015 y\u0131l\u0131nda mezun oldu. 2016\u20132025 y\u0131llar\u0131 aras\u0131nda Makina M\u00fchendisleri Odas\u0131\u2019nda teknik g\u00f6revli olarak \u00e7al\u0131\u015fm\u0131\u015f olup \u00e7e\u015fitli komisyonlarda aktif g\u00f6rev ald\u0131. <\/p>\n\n\n\n<p>2025 itibar\u0131yla \u0130pragaz\u2019da Teknik Destek M\u00fchendisi olarak \u00e7al\u0131\u015fmaktad\u0131r. \u00d6\u011frencilik d\u00f6neminde MMO Adana \u015eube \u00d6\u011frenci \u00dcye Komisyonu\u2019nda aktif g\u00f6rev alm\u0131\u015ft\u0131r.<\/p>\n\n\n\n<hr class=\"wp-block-separator has-alpha-channel-opacity\"\/>\n\n\n\n<p><strong><mark style=\"background-color:rgba(0, 0, 0, 0)\" class=\"has-inline-color has-vivid-cyan-blue-color\">AY\u015eE \u0130NC\u0130 (107794)<\/mark><\/strong><\/p>\n\n\n\n<p>Akdeniz \u00dcniversitesi Makina M\u00fchendisli\u011fi B\u00f6l\u00fcm\u00fc\u2019nden 2015 y\u0131l\u0131nda mezun oldu. Proje y\u00f6netimi, kalite kontrol ve dok\u00fcmantasyon alanlar\u0131nda \u00e7e\u015fitli firmalarda g\u00f6rev ald\u0131. <\/p>\n\n\n\n<p>Makina M\u00fchendisleri Odas\u0131 Ankara \u015eubesi Kalite Komisyonu\u2019nda ve \u00f6\u011frenci \u00fcyeli\u011fi d\u00f6neminde MMO Antalya \u015eube\u2019de aktif g\u00f6rev ald\u0131. Halen MMO Ankara \u015eube 29. D\u00f6nem Y\u00f6netim Kurulu \u00dcyeli\u011fi g\u00f6revini y\u00fcr\u00fctmektedir.<\/p>\n\n\n\n<hr class=\"wp-block-separator has-alpha-channel-opacity\"\/>\n\n\n\n<p><strong><mark style=\"background-color:rgba(0, 0, 0, 0)\" class=\"has-inline-color has-vivid-cyan-blue-color\">SAMET D\u00d6NERKAYA (107860)<\/mark><\/strong><\/p>\n\n\n\n<p>Sel\u00e7uk \u00dcniversitesi Makina M\u00fchendisli\u011fi B\u00f6l\u00fcm\u00fc\u2019nden mezunu oldu. Y\u00fcksek lisans\u0131n\u0131 Necmettin Erbakan \u00dcniversitesi\u2019nde, MBA e\u011fitimini ise Hacettepe \u00dcniversitesi\u2019nde tamamlad\u0131. Savunma ve havac\u0131l\u0131k sanayiinde \u00fcniversite-sanayi i\u015f birlikleri y\u00fcr\u00fctmekte olup ARGEDA-TTO, NURUS, B\u00dcROT\u0130ME gibi kurumlarda y\u00f6neticilik yapt\u0131. Halen BVS Cranes\u2019te Ar-Ge Merkezi M\u00fcd\u00fcr\u00fc olarak g\u00f6rev yapmaktad\u0131r. <\/p>\n\n\n\n<p>TUSA\u015e, ASELSAN, ROKETSAN gibi kurulu\u015flarla ulusal ve uluslararas\u0131 projelerde yer alm\u0131\u015ft\u0131r. Metal \u015fekillendirme, kaynak m\u00fchendisli\u011fi, tasar\u0131m ve \u00fcretim teknolojileri alanlar\u0131nda uzmanla\u015fm\u0131\u015f, 2025\u2019te T\u00fcrkiye \u00e7ap\u0131nda verilen Ar-Ge ve \u0130novasyon \u00d6d\u00fclleri&#8217;nde makina m\u00fchendisli\u011fi alan\u0131nda ikincilik \u00f6d\u00fcl\u00fcne lay\u0131k g\u00f6r\u00fclm\u00fc\u015ft\u00fcr.<\/p>\n\n\n\n<hr class=\"wp-block-separator has-alpha-channel-opacity\"\/>\n\n\n\n<p><strong><mark style=\"background-color:rgba(0, 0, 0, 0)\" class=\"has-inline-color has-vivid-cyan-blue-color\">CEREN ERCAN (119885)<\/mark><\/strong><\/p>\n\n\n\n<p>K\u0131r\u0131kkale \u00dcniversitesi Makina M\u00fchendisli\u011fi B\u00f6l\u00fcm\u00fc\u2019nden 2016 y\u0131l\u0131nda mezun oldu. Enerji sekt\u00f6r\u00fcnde 17 y\u0131ll\u0131k deneyime sahiptir. H\u00e2len Caleffi Hydronic Solutions T\u00fcrkiye\u2019de Genel M\u00fcd\u00fcr Yard\u0131mc\u0131s\u0131 olarak g\u00f6rev yapmaktad\u0131r. Hidronik sistemler, enerji verimlili\u011fi, s\u0131hhi tesisat \u00e7\u00f6z\u00fcmleri, lejyoner bakteri ve m\u00fccadele y\u00f6ntemleri alanlar\u0131nda uzmanla\u015fm\u0131\u015ft\u0131r. <\/p>\n\n\n\n<p>Makina M\u00fchendisleri Odas\u0131 ve T\u00fcrk Tesisat M\u00fchendisleri Derne\u011fi (TTMD) ba\u015fta olmak \u00fczere \u00e7e\u015fitli kurumlarda sekt\u00f6rel e\u011fitimler vermektedir. TTMD\u2019de iki d\u00f6nem y\u00f6netim kurulu \u00fcyeli\u011fi yapm\u0131\u015f olup \u00e7al\u0131\u015fmalar\u0131n\u0131 \u00e7e\u015fitli meslek \u00f6rg\u00fctleri ve derneklerde g\u00f6n\u00fcll\u00fc olarak s\u00fcrd\u00fcrmektedir.<\/p>\n\n\n\n<figure class=\"wp-block-image size-large\"><a href=\"https:\/\/cagdasmuhendisler.net\/wp-content\/uploads\/2026\/01\/CM_AdayBrosur_Final_CNV-2-scaled.jpg\" target=\"_blank\" rel=\" noreferrer noopener\"><img loading=\"lazy\" decoding=\"async\" width=\"1024\" height=\"730\" src=\"https:\/\/cagdasmuhendisler.net\/wp-content\/uploads\/2026\/01\/CM_AdayBrosur_Final_CNV-2-1024x730.jpg\" alt=\"\" class=\"wp-image-178\" srcset=\"https:\/\/cagdasmuhendisler.net\/wp-content\/uploads\/2026\/01\/CM_AdayBrosur_Final_CNV-2-1024x730.jpg 1024w, https:\/\/cagdasmuhendisler.net\/wp-content\/uploads\/2026\/01\/CM_AdayBrosur_Final_CNV-2-300x214.jpg 300w, https:\/\/cagdasmuhendisler.net\/wp-content\/uploads\/2026\/01\/CM_AdayBrosur_Final_CNV-2-768x547.jpg 768w, https:\/\/cagdasmuhendisler.net\/wp-content\/uploads\/2026\/01\/CM_AdayBrosur_Final_CNV-2-1536x1095.jpg 1536w, https:\/\/cagdasmuhendisler.net\/wp-content\/uploads\/2026\/01\/CM_AdayBrosur_Final_CNV-2-2048x1460.jpg 2048w\" sizes=\"auto, (max-width: 1024px) 100vw, 1024px\" \/><\/a><\/figure>\n\n\n\n<p><\/p>\n","protected":false},"excerpt":{"rendered":"<p>SERAP \u00d6ZPOLAT \u00c7ETE (43830) ODT\u00dc Makina M\u00fchendisli\u011fi B\u00f6l\u00fcm\u00fc\u2019nden 1996 y\u0131l\u0131nda mezun oldu. Tekstil, hidrolik-pn\u00f6matik sistemler ve savunma sanayii alanlar\u0131nda \u00e7al\u0131\u015ft\u0131. 2006\u2019dan bu yana ODT\u00dc Teknokent\u2019te ortak oldu\u011fu Ar-Ge \u015firketinde havac\u0131l\u0131k, turbomakine, r\u00fczg\u00e2r enerjisi ve bina aerodinami\u011fi alanlar\u0131nda \u00e7al\u0131\u015fmalar y\u00fcr\u00fctmektedir. T\u00dcB\u0130TAK ve KOSGEB destekli projelerde, proje yaz\u0131m\u0131, y\u00fcr\u00fct\u00fclmesi ve raporlanmas\u0131 s\u00fcre\u00e7lerinde aktif g\u00f6rev almaktad\u0131r. E\u015f zamanl\u0131 [&hellip;]<\/p>\n","protected":false},"author":1,"featured_media":0,"parent":0,"menu_order":0,"comment_status":"closed","ping_status":"open","template":"","meta":{"footnotes":""},"class_list":["post-2","page","type-page","status-publish","hentry"],"_links":{"self":[{"href":"https:\/\/cagdasmuhendisler.net\/index.php?rest_route=\/wp\/v2\/pages\/2","targetHints":{"allow":["GET"]}}],"collection":[{"href":"https:\/\/cagdasmuhendisler.net\/index.php?rest_route=\/wp\/v2\/pages"}],"about":[{"href":"https:\/\/cagdasmuhendisler.net\/index.php?rest_route=\/wp\/v2\/types\/page"}],"author":[{"embeddable":true,"href":"https:\/\/cagdasmuhendisler.net\/index.php?rest_route=\/wp\/v2\/users\/1"}],"replies":[{"embeddable":true,"href":"https:\/\/cagdasmuhendisler.net\/index.php?rest_route=%2Fwp%2Fv2%2Fcomments&post=2"}],"version-history":[{"count":14,"href":"https:\/\/cagdasmuhendisler.net\/index.php?rest_route=\/wp\/v2\/pages\/2\/revisions"}],"predecessor-version":[{"id":179,"href":"https:\/\/cagdasmuhendisler.net\/index.php?rest_route=\/wp\/v2\/pages\/2\/revisions\/179"}],"wp:attachment":[{"href":"https:\/\/cagdasmuhendisler.net\/index.php?rest_route=%2Fwp%2Fv2%2Fmedia&parent=2"}],"curies":[{"name":"wp","href":"https:\/\/api.w.org\/{rel}","templated":true}]}}