{"id":192,"date":"2026-01-12T14:06:17","date_gmt":"2026-01-12T14:06:17","guid":{"rendered":"https:\/\/cagdasmuhendisler.net\/?page_id=192"},"modified":"2026-01-12T14:11:05","modified_gmt":"2026-01-12T14:11:05","slug":"bir-cagdas-muhendisten-makina-muhendisleri-odasi-ankara-subesi-uyelerine-acik-mektup-oda-seninle-daha-guclu","status":"publish","type":"page","link":"https:\/\/cagdasmuhendisler.net\/?page_id=192","title":{"rendered":"B\u0130R \u00c7A\u011eDA\u015e M\u00dcHEND\u0130S&#8217;TEN MAK\u0130NA M\u00dcHEND\u0130SLER\u0130 ODASI ANKARA \u015eUBES\u0130 \u00dcYELER\u0130NE A\u00c7IK MEKTUP: ODA, SEN\u0130NLE DAHA G\u00dc\u00c7L\u00dc"},"content":{"rendered":"\n<p>De\u011ferli meslekta\u015flar, de\u011fi\u015fik ya\u015flarda makina, end\u00fcstri, havac\u0131l\u0131k, mekatronik m\u00fchendisi kad\u0131n ve erkek arkada\u015flar, 2026\u2019n\u0131n bu so\u011fuk, beyaz ilk g\u00fcnlerinde sizleri, s\u0131cak bir merhaba ile selaml\u0131yor, sevgi, sayg\u0131 ve dostluk duygular\u0131m\u0131 iletiyorum.<\/p>\n\n\n\n<p>M\u00fchendis olmak, yaln\u0131zca bir meslek sahibi olmak de\u011fildir. Bu \u00fclkenin enerjisini, tar\u0131msal ve s\u0131nai \u00fcretimin, ula\u015f\u0131m ve altyap\u0131 sistemlerinin, ya\u015fam kalitesini ayakta tutan omurgan\u0131n bir par\u00e7as\u0131 olmakt\u0131r.<\/p>\n\n\n\n<p>Sahada yap\u0131lan incelemelerin, \u015fantiyelerdeki \u00f6l\u00e7\u00fcmlerin, \u00e7al\u0131\u015fma masalar\u0131nda bilgisayarda yap\u0131lan \u00e7izimlerin, kullan\u0131lan programlar\u0131n, yap\u0131lan analiz ve \u00e7\u00f6z\u00fcmlemelerin ard\u0131nda asl\u0131nda \u00fclkenin yurtta\u015flar\u0131 ve toplumun yarar\u0131, \u00fclkenin gelece\u011fi vard\u0131r.<\/p>\n\n\n\n<p>\u0130\u015fte tam da bu nedenle, Odam\u0131z, Makina M\u00fchendisleri Odas\u0131 var. Bu \u00fclkenin m\u00fchendislerinin hakk\u0131, eme\u011fi ve itibar\u0131 aranabilsin, kimsenin insaf\u0131na kalmas\u0131n diye.<\/p>\n\n\n\n<p>Bu Oda, bir bina ya da bir b\u00fcro de\u011fil; y\u0131llard\u0131r emek veren binlerce m\u00fchendisin akl\u0131, al\u0131n teri, birikimidir.<\/p>\n\n\n\n<p>Burada y\u00f6neticiler l\u00fcks makam arabalar\u0131na binmez, ek maa\u015flar, ilave \u00f6demeler almaz.<\/p>\n\n\n\n<p>\u00c7\u00fcnk\u00fc Odam\u0131z, bir rant da\u011f\u0131t\u0131m merkezi, bir \u00e7\u0131kar kap\u0131s\u0131 de\u011fil, amat\u00f6r bir ruh ve profesyonel bir anlay\u0131\u015fla, dayan\u0131\u015fmayla ve g\u00f6n\u00fcll\u00fcl\u00fckle bir araya geldi\u011fimiz, \u00e7al\u0131\u015fmalara omuz verdi\u011fimiz, birlikte \u00fcretti\u011fimiz bir dayan\u0131\u015fma yeridir.<br>Odam\u0131z paray\u0131 de\u011fil, bu \u00fclkenin insanlar\u0131n\u0131 ve m\u00fchendislerini \u00f6nceleyen bir kurumdur.<\/p>\n\n\n\n<p>Ayl\u0131k 75 lira aidatla ayakta duruyoruz; ki bu, bir paket sigara paras\u0131 bile de\u011fil.<br>\u0130\u015fsiz olan m\u00fchendislerden aidat al\u0131nm\u0131yor, \u00e7\u00fcnk\u00fc biz paray\u0131 de\u011fil, eme\u011fi \u00f6nemli sayar\u0131z.<\/p>\n\n\n\n<p>Ama biz sadece ayakta kalmak i\u00e7in de\u011fil, b\u00fcy\u00fcmek, b\u00fcy\u00fctmek i\u00e7in var\u0131z.<br>2017 y\u0131l\u0131nda SGK, TMMOB ile imzalam\u0131\u015f oldu\u011fu \u201cM\u00fchendislere asgari \u00fccret uygulamas\u0131 \u201cProtokol\u00fcn\u00fc bir siyasi kararla tek tarafl\u0131 olarak feshetti.<br>Bizi sessiz kalmam\u0131z i\u00e7in k\u00f6\u015feye s\u0131k\u0131\u015ft\u0131rmak istediler. Biz ise direndik.<br>\u00c7\u00fcnk\u00fc bu Oda, m\u00fchendisleri susmaya de\u011fil, konu\u015fmaya \u00e7a\u011f\u0131r\u0131r. M\u00fccadelemiz hep ayn\u0131 \u00e7izgide: M\u00fchendisin eme\u011fi de\u011fersizle\u015fmesin, bilimin sesi k\u0131s\u0131lmas\u0131n, m\u00fchendislik itibars\u0131zla\u015ft\u0131r\u0131lmas\u0131n diye.<\/p>\n\n\n\n<p>Bu m\u00fccadeleyi her alanda, sahada, \u00fcretimde, e\u011fitimde verdik. \u00d6\u011frenci arkada\u015flar\u0131m\u0131z\u0131 \u00f6\u011frenci \u00fcye yaparak Oda \u00e7al\u0131\u015fmalar\u0131na kat\u0131lmalar\u0131na, imkan sa\u011flad\u0131k.<\/p>\n\n\n\n<p>\u0130\u015fsiz ve yeni mezun arkada\u015flar\u0131m\u0131z i\u00e7in \u00fccretsiz e\u011fitimler d\u00fczenledik, i\u015f bulmalar\u0131 i\u00e7in k\u00f6pr\u00fc olduk.<\/p>\n\n\n\n<p>Kongrelerle, sempozyumlarla, panellerle, s\u00f6yle\u015filerle, webinarlarla binlerce m\u00fchendisi uzmanlarla, sanayiyle, \u00fcniversitelerle bulu\u015fturduk.<\/p>\n\n\n\n<p>Kaynak Kongresi\u2019nden Sanayi Kongresi\u2019ne, \u0130\u015f\u00e7i Sa\u011fl\u0131\u011f\u0131 ve G\u00fcvenli\u011fi Kongresi\u2019nden \u00f6\u011frenci forumlar\u0131na kadar\u2026<\/p>\n\n\n\n<p>Her bir etkinli\u011fimiz, m\u00fchendisli\u011fin yaln\u0131z teknik de\u011fil, toplumsal bir g\u00fc\u00e7 oldu\u011funu hat\u0131rlatt\u0131.<\/p>\n\n\n\n<p>Her hafta \u00fccretsiz etkinlikler, s\u00f6yle\u015filer, k\u00fclt\u00fcrel bulu\u015fmalar d\u00fczenledik. \u00c7\u00fcnk\u00fc biz biliyoruz: m\u00fchendis, sadece makinay\u0131 de\u011fil toplumu da tasarlar.<\/p>\n\n\n\n<p>Ve evet, biz siyaset de konu\u015fuyoruz.<\/p>\n\n\n\n<p>Ama siyaseti rant payla\u015f\u0131m\u0131, koltuk kavgas\u0131, ki\u015fisel \u00e7\u0131kar olarak g\u00f6rm\u00fcyoruz.<\/p>\n\n\n\n<p>Bizim siyasetimiz, halk\u0131n refah\u0131n\u0131 art\u0131rmak, bu \u00fclkenin kaynaklar\u0131n\u0131 adil bi\u00e7imde kullanmak, m\u00fchendis eme\u011fini g\u00f6r\u00fcn\u00fcr k\u0131lmak \u00fczerinedir.<\/p>\n\n\n\n<p>Yanl\u0131\u015f\u0131 ele\u015ftiririz, do\u011fruyu destekleriz.<\/p>\n\n\n\n<p>\u00c7\u00fcnk\u00fc bu \u00fclke hepimizin.<\/p>\n\n\n\n<p>Bizim yapt\u0131\u011f\u0131m\u0131z siyaset, herkesin sofras\u0131n\u0131 b\u00fcy\u00fctmek, kimseyi d\u0131\u015far\u0131da b\u0131rakmamak i\u00e7indir.<\/p>\n\n\n\n<p>Bizi karalamaya \u00e7al\u0131\u015fanlar, \u201cmarjinal\u201d, \u201csiyasi\u201d gibi etiketlerle konu\u015fuyor.<\/p>\n\n\n\n<p>Ama ger\u00e7ek \u015fu:<\/p>\n\n\n\n<p>Bizim tek taraf\u0131m\u0131z var \u2014 halk\u0131n, bilimin ve eme\u011fin taraf\u0131.<\/p>\n\n\n\n<p>Hi\u00e7bir zaman birilerinin \u00f6n\u00fcnde \u00e7\u0131kar i\u00e7in e\u011filmedik.<\/p>\n\n\n\n<p>Bug\u00fcn bu \u00fclkede bir m\u00fchendis i\u015fini yapabiliyorsa, bir mevzuat d\u00fczenlemesinde eme\u011finin izi varsa, orada bu Odan\u0131n da al\u0131n teri vard\u0131r.<\/p>\n\n\n\n<p>Bu Oda, senin mesle\u011fini korumak i\u00e7in var.<\/p>\n\n\n\n<p>Ama sadece mesle\u011fini de\u011fil, meslek onurunu da.<\/p>\n\n\n\n<p>M\u00fchendisli\u011fin eti\u011fini savunmak, m\u00fchendisli\u011fin itibar\u0131n\u0131 y\u00fckseltmek i\u00e7in var.<br>Ve bunu yaparken hi\u00e7bir bask\u0131ya, hi\u00e7bir yalan kampanyas\u0131na boyun e\u011fmedi, e\u011fmeyecek.<\/p>\n\n\n\n<p>\u00c7\u00fcnk\u00fc biz biliyoruz ki; <strong>sen yoksan, bir eksi\u011fiz.<\/strong><\/p>\n\n\n\n<p>Her yeni \u00fcye, bu \u00fclkenin gelece\u011fine eklenmi\u015f bir tu\u011flad\u0131r.<\/p>\n\n\n\n<p>Bu Oda seninle tamamlan\u0131r.<br>Seninle g\u00fc\u00e7lenir.<br>Seninle m\u00fccadele eder.<br>Bizim yolumuz uzun, ama y\u00f6n\u00fcm\u00fcz belli:<br>Bilimin \u0131\u015f\u0131\u011f\u0131nda, eme\u011fin onuruyla, dayan\u0131\u015fman\u0131n g\u00fcc\u00fcyle\u2026<\/p>\n\n\n\n<p>Biz burada, bu \u00fclkenin m\u00fchendisleri i\u00e7in, halk\u0131 i\u00e7in, gelece\u011fi i\u00e7in var\u0131z.<\/p>\n\n\n\n<p>Ve bundan bir ad\u0131m bile geri atmayaca\u011f\u0131z.<\/p>\n\n\n\n<p><\/p>\n","protected":false},"excerpt":{"rendered":"<p>De\u011ferli meslekta\u015flar, de\u011fi\u015fik ya\u015flarda makina, end\u00fcstri, havac\u0131l\u0131k, mekatronik m\u00fchendisi kad\u0131n ve erkek arkada\u015flar, 2026\u2019n\u0131n bu so\u011fuk, beyaz ilk g\u00fcnlerinde sizleri, s\u0131cak bir merhaba ile selaml\u0131yor, sevgi, sayg\u0131 ve dostluk duygular\u0131m\u0131 iletiyorum. M\u00fchendis olmak, yaln\u0131zca bir meslek sahibi olmak de\u011fildir. Bu \u00fclkenin enerjisini, tar\u0131msal ve s\u0131nai \u00fcretimin, ula\u015f\u0131m ve altyap\u0131 sistemlerinin, ya\u015fam kalitesini ayakta tutan omurgan\u0131n [&hellip;]<\/p>\n","protected":false},"author":1,"featured_media":0,"parent":0,"menu_order":0,"comment_status":"closed","ping_status":"closed","template":"","meta":{"footnotes":""},"class_list":["post-192","page","type-page","status-publish","hentry"],"_links":{"self":[{"href":"https:\/\/cagdasmuhendisler.net\/index.php?rest_route=\/wp\/v2\/pages\/192","targetHints":{"allow":["GET"]}}],"collection":[{"href":"https:\/\/cagdasmuhendisler.net\/index.php?rest_route=\/wp\/v2\/pages"}],"about":[{"href":"https:\/\/cagdasmuhendisler.net\/index.php?rest_route=\/wp\/v2\/types\/page"}],"author":[{"embeddable":true,"href":"https:\/\/cagdasmuhendisler.net\/index.php?rest_route=\/wp\/v2\/users\/1"}],"replies":[{"embeddable":true,"href":"https:\/\/cagdasmuhendisler.net\/index.php?rest_route=%2Fwp%2Fv2%2Fcomments&post=192"}],"version-history":[{"count":1,"href":"https:\/\/cagdasmuhendisler.net\/index.php?rest_route=\/wp\/v2\/pages\/192\/revisions"}],"predecessor-version":[{"id":193,"href":"https:\/\/cagdasmuhendisler.net\/index.php?rest_route=\/wp\/v2\/pages\/192\/revisions\/193"}],"wp:attachment":[{"href":"https:\/\/cagdasmuhendisler.net\/index.php?rest_route=%2Fwp%2Fv2%2Fmedia&parent=192"}],"curies":[{"name":"wp","href":"https:\/\/api.w.org\/{rel}","templated":true}]}}