{"id":105,"date":"2026-01-12T13:57:04","date_gmt":"2026-01-12T13:57:04","guid":{"rendered":"https:\/\/cagdasmuhendisler.net\/?page_id=105"},"modified":"2026-01-12T13:57:05","modified_gmt":"2026-01-12T13:57:05","slug":"oda-calisma-ilkeleri","status":"publish","type":"page","link":"https:\/\/cagdasmuhendisler.net\/?page_id=105","title":{"rendered":"\u00c7al\u0131\u015fma \u0130lkeleri"},"content":{"rendered":"\n<p><strong>1. Oda Tan\u0131m ve \u0130\u015flevlerine \u0130li\u015fkin \u0130lkeler<\/strong><\/p>\n\n\n\n<p>Oda \u00e7al\u0131\u015fmalar\u0131 halktan, emekten, demokratikle\u015fmeden yana, yurtsever ve anti-emperyalist anlay\u0131\u015fla y\u00fcr\u00fct\u00fcl\u00fcr.<\/p>\n\n\n\n<p>Oda \u00e7al\u0131\u015fmalar\u0131nda, meslek ve meslekta\u015f sorunlar\u0131n\u0131n \u00fclke ve toplum sorunlar\u0131ndan ayr\u0131lmayaca\u011f\u0131 temel ilke kabul edilir.<\/p>\n\n\n\n<p>\u201cKamu \u00e7\u0131karlar\u0131n\u0131 korumak\u201d halk\u0131n yan\u0131nda, halk\u0131n yarar\u0131na olmak anlam\u0131ndad\u0131r. Mesle\u011fimizle ilgili alanlarda sorgulay\u0131c\u0131 olmak, gerekiyorsa yerel ve merkezi iktidarlarla m\u00fccadele etmek Odam\u0131z\u0131n vazge\u00e7ilmez g\u00f6revidir.<\/p>\n\n\n\n<p>\u201cKamu yarar\u0131na \u00e7al\u0131\u015fmak\u201d veya \u201ckamu \u00e7\u0131karlar\u0131n\u0131 g\u00f6zetmek\u201d demokratikle\u015fme, insan haklar\u0131, sosyal adalet alanlar\u0131nda da politikalar \u00fcretmeyi, \u00e7\u00f6z\u00fcmler \u00f6nermeyi gerektirir.<\/p>\n\n\n\n<p>Kamu yarar\u0131na \u00e7al\u0131\u015fan benzer \u00f6rg\u00fctler ve sivil toplum olu\u015fumlar\u0131 ile s\u00fcrekli ili\u015fkiler i\u00e7erisinde olunur. Kamuoyu olu\u015fturmaya y\u00f6nelik \u00e7abalar i\u00e7erisinde Oda da ka\u00e7\u0131n\u0131lmaz olarak yer al\u0131r.<\/p>\n\n\n\n<p><strong>2. \u00dclke Sorunlar\u0131na Bak\u0131\u015fa \u0130li\u015fkin \u0130lkeler<\/strong><\/p>\n\n\n\n<p>Ulusal ba\u011f\u0131ms\u0131zl\u0131\u011f\u0131n kazan\u0131lmas\u0131 ve ulusal sanayinin geli\u015fmesi i\u00e7in \u00e7al\u0131\u015f\u0131l\u0131r.<\/p>\n\n\n\n<p>Bilim ve teknolojinin geli\u015fmesinin ve toplumun ilerlemesi do\u011frultusunda kullan\u0131m\u0131n\u0131n \u00f6n ko\u015fulu olarak \u00f6zg\u00fcr d\u00fc\u015f\u00fcnce ortam\u0131, yani demokrasi savunulur.<\/p>\n\n\n\n<p>Her \u00f6rg\u00fct biriminin gerek b\u00f6lgesel gerekse \u00fclke d\u00fczeyinde, uzmanl\u0131k ve ilgi alanlar\u0131na giren konu ba\u015fl\u0131klar\u0131nda, platformlar yaratacak d\u00fczeye ula\u015ft\u0131r\u0131lmas\u0131nda merkezi koordinasyon ile di\u011fer \u00f6rg\u00fct birimlerinin kat\u0131l\u0131m ve katk\u0131s\u0131 sa\u011flanmal\u0131 ve s\u00fcrekli k\u0131l\u0131nmal\u0131d\u0131r. \u00dclkenin d\u00fc\u015f\u00fcnen, \u00fcreten, \u00e7\u00f6z\u00fcmler \u00f6neren b\u00fct\u00fcn kurumlar\u0131yla kurumsal ili\u015fki i\u00e7erisinde olunur.<\/p>\n\n\n\n<p>Ulusal sanayinin geli\u015ftirilmesi kapsam\u0131nda, G\u00fcmr\u00fck Birli\u011fi s\u00fcrecini sorgulamak, kar\u015f\u0131la\u015f\u0131lan sorunlara ili\u015fkin g\u00f6r\u00fc\u015fler olu\u015fturup \u00e7\u00f6z\u00fcm \u00f6nerileri geli\u015ftirmek, Odam\u0131z\u0131n s\u00fcrekli \u00e7al\u0131\u015fma alanlar\u0131ndan biri olarak kabul edilir.<\/p>\n\n\n\n<p>Mesle\u011fimiz ve Odam\u0131z ile ilgili yasalar\u0131n isteklerimiz do\u011frultusunda \u015fekillenmesi i\u00e7in gerekli giri\u015fimlerde bulunulur.<\/p>\n\n\n\n<p>\u00dclkemizin demokratikle\u015fme \u00e7abalar\u0131n\u0131n i\u00e7erisinde Odam\u0131z\u0131n yer almas\u0131 ka\u00e7\u0131n\u0131lmazd\u0131r. Odam\u0131z demokrasi m\u00fccadelesi i\u00e7erisinde yerel ve \u00fclke geneli \u00f6l\u00e7eklerinde aktif rol al\u0131r.<\/p>\n\n\n\n<p>\u00dclke g\u00fcndemine m\u00fcdahale edilir. Ekonomik, demokratik, siyasal ve toplumsal haklar i\u00e7in m\u00fccadele edilir. \u0130nsan haklar\u0131 ihlallerine kar\u015f\u0131 duyarl\u0131 davran\u0131l\u0131r. Bu alanlarda di\u011fer demokratik kitle \u00f6rg\u00fctleri ile i\u015f birli\u011fi yap\u0131l\u0131r.<\/p>\n\n\n\n<p><strong>3. Mesleki Teknik Etkinliklerin Y\u00fcr\u00fct\u00fclmesine \u0130li\u015fkin \u0130lkeler<\/strong><\/p>\n\n\n\n<p>Odan\u0131n temel g\u00f6revlerinin ba\u015f\u0131nda, meslek alan\u0131n\u0131n d\u00fczenlenmesi, mesle\u011fin uygulanmas\u0131na y\u00f6nelik iyile\u015ftirmelerin yap\u0131lmas\u0131n\u0131n geldi\u011fi bilinir.<\/p>\n\n\n\n<p>Meslek alan\u0131na ili\u015fkin geli\u015fmelerin ve yeniliklerin izlenmesi, \u00fcyenin bu geli\u015fmelerden yararlanmas\u0131n\u0131n sa\u011flanmas\u0131 temel hedeflerdendir.<\/p>\n\n\n\n<p>M\u00fchendislik mesle\u011fine sahip olanlar\u0131n ortak gereksinimlerini kar\u015f\u0131lamak, mesleki etkinliklerini kolayla\u015ft\u0131rmak, mesle\u011fin genel \u00e7\u0131karlara uygun geli\u015fmesini sa\u011flamak, meslekta\u015flar\u0131n birbirleriyle ve halkla olan ili\u015fkilerinde d\u00fcr\u00fcstl\u00fck ve g\u00fcveni h\u00e2kim k\u0131lmak \u00fczere meslek disiplinini ve ahlak\u0131n\u0131 korumak esast\u0131r.<\/p>\n\n\n\n<p>M\u00fchendislik e\u011fitiminin iyile\u015ftirilmesine y\u00f6nelik giri\u015fimlerde bulunulur.<\/p>\n\n\n\n<p><strong>4. \u00dcye \u0130li\u015fkilerine Y\u00f6nelik \u0130lkeler<\/strong><\/p>\n\n\n\n<p>Oda \u00f6rg\u00fct\u00fcn\u00fcn g\u00fcc\u00fcn\u00fc \u00fcyeden ald\u0131\u011f\u0131 ve bu g\u00fcc\u00fcn harekete ge\u00e7irilmesi gerekti\u011fi kabul edilir.<\/p>\n\n\n\n<p>\u00dcyelerle s\u00fcrekli ve sa\u011fl\u0131kl\u0131 ili\u015fkinin kurulmas\u0131 esas al\u0131n\u0131r.<\/p>\n\n\n\n<p>Zorunlu \u00fcyeli\u011fin savunulmas\u0131yla birlikte, g\u00f6n\u00fcll\u00fcl\u00fck esas\u0131na dayal\u0131 ili\u015fkilerde \u00fcyenin Odaya katk\u0131s\u0131n\u0131n daha nitelikli oldu\u011fu a\u00e7\u0131kt\u0131r. Odan\u0131n \u00fcyelerce \u201c\u00fcye olunmas\u0131 gerekli\u201d bir kurum olarak g\u00f6r\u00fclmesinin sa\u011flanmas\u0131 esast\u0131r.<\/p>\n\n\n\n<p>Odam\u0131z kamuda \u00e7al\u0131\u015fan m\u00fchendislerin grevli-toplu s\u00f6zle\u015fmeli-sendikal haklar\u0131n\u0131 kazanma m\u00fccadelesine aktif destek verir.<\/p>\n\n\n\n<p>Odam\u0131z, \u00f6zel sekt\u00f6rde \u00e7al\u0131\u015fan m\u00fchendislerin \u00f6zl\u00fck haklar\u0131na, ekonomik ve sosyal gereksinimlerine y\u00f6nelik \u00e7al\u0131\u015fmalar yapar.<\/p>\n\n\n\n<p><strong>5. Karar Alma S\u00fcre\u00e7lerinin \u0130\u015fletilmesine \u0130li\u015fkin \u0130lkeler<\/strong><\/p>\n\n\n\n<p>Odan\u0131n her biriminde kararlar\u0131n al\u0131nmas\u0131nda demokratik merkeziyet\u00e7ilik ilkesi temel al\u0131n\u0131r ve uygulanmas\u0131 sa\u011flan\u0131r.<\/p>\n\n\n\n<p>Oda \u00f6rg\u00fct\u00fcn\u00fcn en k\u00fc\u00e7\u00fck biriminin i\u015f yeri temsilcili\u011fi oldu\u011fu kabul edilir.<\/p>\n\n\n\n<p>Oda Merkezinde, yani en \u00fcst y\u00f6netim organ\u0131m\u0131zda, al\u0131nacak kararlar\u0131n olu\u015fmas\u0131nda kat\u0131l\u0131m ve t\u00fcm g\u00f6r\u00fc\u015flerin dikkate al\u0131nmas\u0131na \u00f6zen g\u00f6sterilir.<\/p>\n\n\n\n<p>\u0130\u015fyeri Temsilcilikleri, \u0130l-\u0130l\u00e7e Temsilcilikleri, \u015eube Dan\u0131\u015fma Kurullar\u0131, \u015eube Y\u00f6netimleri, Merkez Dan\u0131\u015fma Kurulu ve Oda Y\u00f6netim Kurulu zinciri karar alma s\u00fcreci olarak kabul edilir.<\/p>\n\n\n\n<p>Tan\u0131mlanan bu s\u00fcre\u00e7ten ge\u00e7erek demokratik i\u015fleyi\u015fe uygun al\u0131nan merkezi kararlar\u0131n \u00f6rg\u00fct taraf\u0131ndan uygulanmas\u0131 esast\u0131r. Yap\u0131lan bu uygulamalar\u0131n, karar alma s\u00fcreci i\u00e7erisinde yer alan t\u00fcm mekanizmalar\u0131n denetleme ve sorgulamas\u0131na a\u00e7\u0131k oldu\u011fu da bilinir.<\/p>\n\n\n\n<p><strong>6. \u00d6rg\u00fctsel Ba\u011f\u0131ms\u0131zl\u0131\u011f\u0131n Korunmas\u0131na \u0130li\u015fkin ilkeler<\/strong><\/p>\n\n\n\n<p>Odan\u0131n kurumsal ili\u015fkilerinde ba\u011f\u0131ms\u0131zl\u0131k ilkesi g\u00f6z \u00f6n\u00fcnde bulundurulur. \u201cKamu \u00e7\u0131karlar\u0131n\u0131 korumak\u201d hedefini zedeleyecek veya Oday\u0131 \u00e7al\u0131\u015fma programlar\u0131ndan, \u00e7al\u0131\u015fma ilkelerinden \u00f6d\u00fcn vermeye zorlayacak hi\u00e7bir ili\u015fkiye girilemez.<\/p>\n\n\n\n<p>Siyasi partilerle ili\u015fkilerin Odan\u0131n ba\u011f\u0131ms\u0131zl\u0131k ilkesinin zedelenmesine yol a\u00e7mayacak nitelikte olmas\u0131na \u00f6zen g\u00f6sterilir.<\/p>\n\n\n\n<p>Oda organlar\u0131nda yer alan herkes, bu organlar\u0131n herhangi bir siyasi \u00e7al\u0131\u015fmada basamak olarak kullan\u0131lmayaca\u011f\u0131n\u0131 bilir.<\/p>\n\n\n\n<p><strong>7. Oda B\u00fct\u00e7esinin Olu\u015fumuna ve Uygulanmas\u0131na \u0130li\u015fkin \u0130lkeler<\/strong><\/p>\n\n\n\n<p>Oda b\u00fct\u00e7esinin uygulanmas\u0131nda \u201cMerkezi B\u00fct\u00e7e\u201d kavram\u0131 esas al\u0131n\u0131r. Ayr\u0131ca birimlerin e\u015fit geli\u015fmesini sa\u011flay\u0131c\u0131, projeler baz\u0131nda yard\u0131mla\u015fma ve dayan\u0131\u015fma esast\u0131r.<\/p>\n\n\n\n<p>Gelirleri \u00f6ncelikle \u00fcye \u00f6dentileri ve \u00fcyelere ba\u011f\u0131ml\u0131 olan bir \u00f6rg\u00fct yarat\u0131lmas\u0131 ama\u00e7lan\u0131r. \u00dcye \u00f6dentilerinin toplanmas\u0131n\u0131n, Oda Merkezine aktar\u0131mlar\u0131n ve birlik pay\u0131n\u0131n d\u00fczenli \u00f6denmesinin \u00f6rg\u00fctl\u00fcl\u00fc\u011f\u00fcn en temel gere\u011fi oldu\u011fu bilinir.<\/p>\n\n\n\n<p>Ticari ama\u00e7larla kurulmu\u015f herhangi bir kurumun yapaca\u011f\u0131 veya yapmakta oldu\u011fu faaliyetler Oda i\u00e7in \u00f6rnek al\u0131nmaz. Yay\u0131mlanacak kitaplar, periyodikler, d\u00fczenlenecek uzmanl\u0131k e\u011fitimleri, m\u00fchendislik mesle\u011finin geli\u015ftirilmesine ve uygulama alanlar\u0131na y\u00f6nelik kurs ve seminerler esas gelir alanlar\u0131 olarak g\u00f6r\u00fcl\u00fcr.<\/p>\n\n\n\n<p><strong>8. Oda Merkezi \u0130\u015fleyi\u015fine \u0130li\u015fkin \u0130lkeler<\/strong><\/p>\n\n\n\n<p>Oda t\u00fcz\u00fck ve y\u00f6netmeliklerinin uygulanmas\u0131 esast\u0131r.<\/p>\n\n\n\n<p>Oda Merkezinin en \u00f6nemli g\u00f6revi, Oda \u00f6rg\u00fct\u00fcn\u00fc t\u00fcz\u00fck ve y\u00f6netmeliklerin verdi\u011fi g\u00f6rev ve yetkilerle ve Genel Kurul kararlar\u0131 do\u011frultusunda y\u00f6netmektir. Oda Merkezi\u2019nin i\u015flevlerinin ba\u015f\u0131nda, \u00f6rg\u00fct\u00fcn etkin e\u015fg\u00fcd\u00fcm\u00fcn\u00fc sa\u011flamak, merkezi etkinlikleri (yay\u0131n, kongreler vb.) planlamak ve uygulanmas\u0131n\u0131 sa\u011flamak, \u00f6rg\u00fct\u00fcn d\u0131\u015f ili\u015fkilerini ulusal ve uluslararas\u0131 d\u00fczeyde y\u00fcr\u00fctmek gelir.<\/p>\n\n\n\n<p>Demokratik i\u015fleyi\u015fe uygun al\u0131nm\u0131\u015f kararlar\u0131n uygulanmas\u0131n\u0131n sa\u011flanmas\u0131, uygulanam\u0131yor ise nedenlerinin ara\u015ft\u0131r\u0131l\u0131p demokratik karar olu\u015fturma s\u00fcre\u00e7lerinin yeniden \u00e7al\u0131\u015ft\u0131r\u0131lmas\u0131 g\u00f6rev kabul edilir.<\/p>\n\n\n\n<p>Odan\u0131n \u00fcst d\u00fczeyde olu\u015fan kurumsal ili\u015fkilerinin y\u00fcr\u00fct\u00fclmesi, bu ili\u015fkilerin \u00f6rg\u00fct ba\u011f\u0131ms\u0131zl\u0131\u011f\u0131n\u0131 zedelemeden s\u00fcrd\u00fcr\u00fclmesi Oda Merkezinin g\u00f6revi kabul edilir.<\/p>\n\n\n\n<p>Oda Merkezi s\u00fcrekli komisyonlar yerine problem alanlar\u0131na y\u00f6nelik s\u00fcreli uzmanl\u0131k komisyonlar\u0131 olu\u015fturmaya y\u00f6nelir. Ancak yay\u0131n, uzmanl\u0131k e\u011fitimi vb. s\u00fcreklilik gerektiren komisyonlar\u0131n devam\u0131 da sa\u011flan\u0131r.<\/p>\n\n\n\n<p>Oda Merkezi \u00f6rg\u00fct i\u00e7i s\u00fcrekli e\u011fitimin\u2019 ger\u00e7ekle\u015ftirilmesinden sorumludur. Bu ba\u011flamda, birim y\u00f6neticileri, teknik g\u00f6revliler, b\u00fcro \u00e7al\u0131\u015fanlar\u0131, muhasebe g\u00f6revlileri s\u00fcrekli periyodik e\u011fitimlerden ge\u00e7irilerek, \u00f6rg\u00fct i\u00e7i i\u015fleyi\u015fte uyum sa\u011flan\u0131r.<\/p>\n\n\n\n<p>E\u011fitimde merkezi koordinasyon, merkez ile \u015fube ve temsilcilikler aras\u0131 yatay ve dikey ili\u015fkiler etkin \u015fekilde sa\u011flan\u0131r.<\/p>\n","protected":false},"excerpt":{"rendered":"<p>1. Oda Tan\u0131m ve \u0130\u015flevlerine \u0130li\u015fkin \u0130lkeler Oda \u00e7al\u0131\u015fmalar\u0131 halktan, emekten, demokratikle\u015fmeden yana, yurtsever ve anti-emperyalist anlay\u0131\u015fla y\u00fcr\u00fct\u00fcl\u00fcr. Oda \u00e7al\u0131\u015fmalar\u0131nda, meslek ve meslekta\u015f sorunlar\u0131n\u0131n \u00fclke ve toplum sorunlar\u0131ndan ayr\u0131lmayaca\u011f\u0131 temel ilke kabul edilir. \u201cKamu \u00e7\u0131karlar\u0131n\u0131 korumak\u201d halk\u0131n yan\u0131nda, halk\u0131n yarar\u0131na olmak anlam\u0131ndad\u0131r. Mesle\u011fimizle ilgili alanlarda sorgulay\u0131c\u0131 olmak, gerekiyorsa yerel ve merkezi iktidarlarla m\u00fccadele etmek Odam\u0131z\u0131n [&hellip;]<\/p>\n","protected":false},"author":1,"featured_media":0,"parent":0,"menu_order":0,"comment_status":"closed","ping_status":"closed","template":"","meta":{"footnotes":""},"class_list":["post-105","page","type-page","status-publish","hentry"],"_links":{"self":[{"href":"https:\/\/cagdasmuhendisler.net\/index.php?rest_route=\/wp\/v2\/pages\/105","targetHints":{"allow":["GET"]}}],"collection":[{"href":"https:\/\/cagdasmuhendisler.net\/index.php?rest_route=\/wp\/v2\/pages"}],"about":[{"href":"https:\/\/cagdasmuhendisler.net\/index.php?rest_route=\/wp\/v2\/types\/page"}],"author":[{"embeddable":true,"href":"https:\/\/cagdasmuhendisler.net\/index.php?rest_route=\/wp\/v2\/users\/1"}],"replies":[{"embeddable":true,"href":"https:\/\/cagdasmuhendisler.net\/index.php?rest_route=%2Fwp%2Fv2%2Fcomments&post=105"}],"version-history":[{"count":5,"href":"https:\/\/cagdasmuhendisler.net\/index.php?rest_route=\/wp\/v2\/pages\/105\/revisions"}],"predecessor-version":[{"id":189,"href":"https:\/\/cagdasmuhendisler.net\/index.php?rest_route=\/wp\/v2\/pages\/105\/revisions\/189"}],"wp:attachment":[{"href":"https:\/\/cagdasmuhendisler.net\/index.php?rest_route=%2Fwp%2Fv2%2Fmedia&parent=105"}],"curies":[{"name":"wp","href":"https:\/\/api.w.org\/{rel}","templated":true}]}}